{"id":16,"date":"2022-03-10T10:26:51","date_gmt":"2022-03-10T09:26:51","guid":{"rendered":"https:\/\/www.ponnath-arabians.com\/?page_id=16"},"modified":"2023-07-17T09:42:52","modified_gmt":"2023-07-17T07:42:52","slug":"startseite","status":"publish","type":"page","link":"https:\/\/www.ponnath-arabians.com\/en\/","title":{"rendered":"Startseite"},"content":{"rendered":"<div class=\"wpb-content-wrapper\"><div class=\"vc_row wpb_row vc_row-fluid\"><div class=\"wpb_column vc_column_container vc_col-sm-12\"><div class=\"vc_column-inner\"><div class=\"wpb_wrapper\"><div class=\"vc_row wpb_row vc_inner vc_row-fluid\"><div class=\"wpb_column vc_column_container vc_col-sm-12\"><div class=\"vc_column-inner\"><div class=\"wpb_wrapper\">\n\t<div class=\"wpb_text_column wpb_content_element\" >\n\t\t<div class=\"wpb_wrapper\">\n\t\t\t<h2 style=\"text-align: center;\">To the categories of our Egyptian Thoroughbred Arabians<\/h2>\n\n\t\t<\/div>\n\t<\/div>\n<\/div><\/div><\/div><\/div><\/div><\/div><\/div><\/div><div class=\"vc_row wpb_row vc_row-fluid\"><div class=\"wpb_column vc_column_container vc_col-sm-3\"><div class=\"vc_column-inner\"><div class=\"wpb_wrapper\"><div class=\"ult-ih-container ult-adjust-bottom-margin custom-ihover-1\" >\t<ul class=\"ult-ih-list\"  data-shape=\"square\"  data-width=\"302.5\"  data-height=\"302.5\"  style=\"text-align:center; \"><li id=\"ult-ih-list-item-3858\" class=\"ult-ih-list-item\" style=\"height: 302px; width: 302px;  margin: 15px\"><a class=\"ult-ih-link\" href=\"https:\/\/www.ponnath-arabians.com\/en\/hengste\/\" title=\"Mares\"  ><div style=\"height: 302px; width: 302px; \" class=\"ult-ih-item ult-ih-effect13  ult-ih-top_to_bottom\"><div class=\"ult-ih-image-block\" style=\"height: 302px; width: 302px; \">\t<div class=\"ult-ih-wrapper\" style=\"\"><\/div>\t<img decoding=\"async\" class=\"ult-ih-image\" src=\"https:\/\/www.ponnath-arabians.com\/wp-content\/uploads\/2022\/03\/pferd2000x2000px_0000_sterling.jpg\" alt=\"null\"><\/div><div class=\"ult-ih-info\" style=\"background-color: rgba(189,173,157,0.9); \">\t<div class=\"ult-ih-info-back\">\t<div class=\"ult-ih-content\">\t\t\t<div class=\"ult-ih-heading-block\" style=\"\">\t\t\t\t<h3 class=\"ult-ih-heading ult-responsive\" style=\"color:#000000;\"  data-ultimate-target='#ult-ih-list-item-3858 .ult-ih-heading'  data-responsive-json-new='{\"font-size\":\"desktop:22px;\",\"line-height\":\"desktop:28px;\"}' >Stallions<\/h3>\t\t\t<\/div>\t\t\t<div class=\"ult-ih-divider-block\" style=\"height:1px;\">\t\t\t\t<span class=\"ult-ih-line\" style=\"border-style:none;border-color:rgba(255,255,255,0.75);width:100px;border-width:1px;\"><\/span>\t\t\t<\/div>\t\t\t<div class=\"ult-ih-description-block\" style=\"\">\t\t\t\t<div class=\"ult-ih-description ult-responsive\" style=\"color:#020202;\"  data-ultimate-target='#ult-ih-list-item-3858 .ult-ih-description, #ult-ih-list-item-3858 .ult-ih-description p'  data-responsive-json-new='{\"font-size\":\"desktop:12px;\",\"line-height\":\"desktop:18px;\"}' ><p style=\"text-align: center;\"><span class=\"btn-custom\">mehr erfahren<\/span><\/p>\n\t\t\t\t<\/div>\t\t\t<\/div>\t<\/div>\t<\/div><\/div><\/div><\/a><\/li>\t<\/ul><\/div><\/div><\/div><\/div><div class=\"wpb_column vc_column_container vc_col-sm-3\"><div class=\"vc_column-inner\"><div class=\"wpb_wrapper\"><div class=\"ult-ih-container ult-adjust-bottom-margin custom-ihover-1\" >\t<ul class=\"ult-ih-list\"  data-shape=\"square\"  data-width=\"302.5\"  data-height=\"302.5\"  style=\"text-align:center; \"><li id=\"ult-ih-list-item-8690\" class=\"ult-ih-list-item\" style=\"height: 302px; width: 302px;  margin: 15px\"><a class=\"ult-ih-link\" href=\"https:\/\/www.ponnath-arabians.com\/en\/stuten\/\" title=\"Mares\"  ><div style=\"height: 302px; width: 302px; \" class=\"ult-ih-item ult-ih-effect13  ult-ih-top_to_bottom\"><div class=\"ult-ih-image-block\" style=\"height: 302px; width: 302px; \">\t<div class=\"ult-ih-wrapper\" style=\"\"><\/div>\t<img decoding=\"async\" class=\"ult-ih-image\" src=\"https:\/\/www.ponnath-arabians.com\/wp-content\/uploads\/2022\/03\/pferd2000x2000px_0010_mabrouka_halima_2020.jpg\" alt=\"null\"><\/div><div class=\"ult-ih-info\" style=\"background-color: rgba(189,173,157,0.9); \">\t<div class=\"ult-ih-info-back\">\t<div class=\"ult-ih-content\">\t\t\t<div class=\"ult-ih-heading-block\" style=\"\">\t\t\t\t<h3 class=\"ult-ih-heading ult-responsive\" style=\"color:#000000;\"  data-ultimate-target='#ult-ih-list-item-8690 .ult-ih-heading'  data-responsive-json-new='{\"font-size\":\"desktop:22px;\",\"line-height\":\"desktop:28px;\"}' >Mares<\/h3>\t\t\t<\/div>\t\t\t<div class=\"ult-ih-divider-block\" style=\"height:1px;\">\t\t\t\t<span class=\"ult-ih-line\" style=\"border-style:none;border-color:rgba(255,255,255,0.75);width:100px;border-width:1px;\"><\/span>\t\t\t<\/div>\t\t\t<div class=\"ult-ih-description-block\" style=\"\">\t\t\t\t<div class=\"ult-ih-description ult-responsive\" style=\"color:#020202;\"  data-ultimate-target='#ult-ih-list-item-8690 .ult-ih-description, #ult-ih-list-item-8690 .ult-ih-description p'  data-responsive-json-new='{\"font-size\":\"desktop:12px;\",\"line-height\":\"desktop:18px;\"}' ><p style=\"text-align: center;\"><span class=\"btn-custom\">mehr erfahren<\/span><\/p>\n\t\t\t\t<\/div>\t\t\t<\/div>\t<\/div>\t<\/div><\/div><\/div><\/a><\/li>\t<\/ul><\/div><\/div><\/div><\/div><div class=\"wpb_column vc_column_container vc_col-sm-3\"><div class=\"vc_column-inner\"><div class=\"wpb_wrapper\"><div class=\"ult-ih-container ult-adjust-bottom-margin custom-ihover-1\" >\t<ul class=\"ult-ih-list\"  data-shape=\"square\"  data-width=\"302.5\"  data-height=\"302.5\"  style=\"text-align:center; \"><li id=\"ult-ih-list-item-2130\" class=\"ult-ih-list-item\" style=\"height: 302px; width: 302px;  margin: 15px\"><a class=\"ult-ih-link\" href=\"https:\/\/www.ponnath-arabians.com\/en\/nachzucht\/\" title=\"Mares\"  ><div style=\"height: 302px; width: 302px; \" class=\"ult-ih-item ult-ih-effect13  ult-ih-top_to_bottom\"><div class=\"ult-ih-image-block\" style=\"height: 302px; width: 302px; \">\t<div class=\"ult-ih-wrapper\" style=\"\"><\/div>\t<img decoding=\"async\" class=\"ult-ih-image\" src=\"https:\/\/www.ponnath-arabians.com\/wp-content\/uploads\/2023\/02\/2.jpg\" alt=\"null\"><\/div><div class=\"ult-ih-info\" style=\"background-color: rgba(189,173,157,0.9); \">\t<div class=\"ult-ih-info-back\">\t<div class=\"ult-ih-content\">\t\t\t<div class=\"ult-ih-heading-block\" style=\"\">\t\t\t\t<h3 class=\"ult-ih-heading ult-responsive\" style=\"color:#000000;\"  data-ultimate-target='#ult-ih-list-item-2130 .ult-ih-heading'  data-responsive-json-new='{\"font-size\":\"desktop:22px;\",\"line-height\":\"desktop:28px;\"}' >Progeny<\/h3>\t\t\t<\/div>\t\t\t<div class=\"ult-ih-divider-block\" style=\"height:1px;\">\t\t\t\t<span class=\"ult-ih-line\" style=\"border-style:none;border-color:rgba(255,255,255,0.75);width:100px;border-width:1px;\"><\/span>\t\t\t<\/div>\t\t\t<div class=\"ult-ih-description-block\" style=\"\">\t\t\t\t<div class=\"ult-ih-description ult-responsive\" style=\"color:#020202;\"  data-ultimate-target='#ult-ih-list-item-2130 .ult-ih-description, #ult-ih-list-item-2130 .ult-ih-description p'  data-responsive-json-new='{\"font-size\":\"desktop:12px;\",\"line-height\":\"desktop:18px;\"}' ><p style=\"text-align: center;\"><span class=\"btn-custom\">mehr erfahren<\/span><\/p>\n\t\t\t\t<\/div>\t\t\t<\/div>\t<\/div>\t<\/div><\/div><\/div><\/a><\/li>\t<\/ul><\/div><\/div><\/div><\/div><\/div><div class=\"vc_row wpb_row vc_row-fluid\"><div class=\"wpb_column vc_column_container vc_col-sm-12\"><div class=\"vc_column-inner\"><div class=\"wpb_wrapper\"><div class=\"vc_empty_space\"   style=\"height: 150px\"><span class=\"vc_empty_space_inner\"><\/span><\/div><div class=\"vc_row wpb_row vc_inner vc_row-fluid\"><div class=\"wpb_column vc_column_container vc_col-sm-6\"><div class=\"vc_column-inner\"><div class=\"wpb_wrapper\">\n\t<div  class=\"wpb_single_image wpb_content_element vc_align_left\">\n\t\t\n\t\t<figure class=\"wpb_wrapper vc_figure\">\n\t\t\t<div class=\"vc_single_image-wrapper   vc_box_border_grey\"><img loading=\"lazy\" decoding=\"async\" width=\"1600\" height=\"946\" src=\"https:\/\/www.ponnath-arabians.com\/wp-content\/uploads\/2023\/02\/2021_Anbar.jpg\" class=\"vc_single_image-img attachment-full\" alt=\"\" title=\"Anbar Al Khaled\" srcset=\"https:\/\/www.ponnath-arabians.com\/wp-content\/uploads\/2023\/02\/2021_Anbar.jpg 1600w, https:\/\/www.ponnath-arabians.com\/wp-content\/uploads\/2023\/02\/2021_Anbar-300x177.jpg 300w, https:\/\/www.ponnath-arabians.com\/wp-content\/uploads\/2023\/02\/2021_Anbar-1024x605.jpg 1024w, https:\/\/www.ponnath-arabians.com\/wp-content\/uploads\/2023\/02\/2021_Anbar-768x454.jpg 768w, https:\/\/www.ponnath-arabians.com\/wp-content\/uploads\/2023\/02\/2021_Anbar-1536x908.jpg 1536w\" sizes=\"auto, (max-width: 1600px) 100vw, 1600px\"  data-dt-location=\"https:\/\/www.ponnath-arabians.com\/en\/stuten\/2021_anbar-2\/\" \/><\/div>\n\t\t<\/figure>\n\t<\/div>\n<\/div><\/div><\/div><div class=\"wpb_column vc_column_container vc_col-sm-6\"><div class=\"vc_column-inner\"><div class=\"wpb_wrapper\">\n\t<div class=\"wpb_text_column wpb_content_element\" >\n\t\t<div class=\"wpb_wrapper\">\n\t\t\t<h2 style=\"color: #ffffff;\">Grace, nobility, aesthetic appeal ...<\/h2>\n<p>Our breeding philosophy is influenced by purest Egyptian origin. The quality and success of our horses on national and international shows helped to interest breeders and horse lovers from here and abroad in our breeding programme.<\/p>\n\n\t\t<\/div>\n\t<\/div>\n<div class=\"ubtn-ctn-center\"><a class=\"ubtn-link ult-adjust-bottom-margin ubtn-center ubtn-normal\" href=\"https:\/\/www.ponnath-arabians.com\/en\/gestuet\/\" title=\"Stud\" ><button type=\"button\" id=\"ubtn-7488\"  class=\"ubtn ult-adjust-bottom-margin ult-responsive ubtn-normal ubtn-no-hover-bg  none  ubtn-center   tooltip-69f4788f3fc7b\"  data-hover=\"\" data-border-color=\"\" data-bg=\"#eb1c30\" data-hover-bg=\"\" data-border-hover=\"\" data-shadow-hover=\"\" data-shadow-click=\"none\" data-shadow=\"\" data-shd-shadow=\"\"  data-ultimate-target='#ubtn-7488'  data-responsive-json-new='{\"font-size\":\"\",\"line-height\":\"\"}'  style=\"font-weight:normal;border:none;background: #eb1c30;color: #000000;\"><span class=\"ubtn-hover\" style=\"background-color:\"><\/span><span class=\"ubtn-data ubtn-text\" >Stud<\/span><\/button><\/a><\/div><\/div><\/div><\/div><\/div><\/div><\/div><\/div><\/div>\n<\/div>","protected":false},"excerpt":{"rendered":"<p>Zu den Kategorien unserer \u00e4gyptischen Vollblutaraber Hengste mehr erfahren Stuten mehr erfahren Nachzucht mehr erfahren Anmut, Adel und \u00c4sthetik \u2026 Reinste \u00e4gyptische Abstammungen beeinflussen unsere Zuchtphilosophie. Die Qualit\u00e4t und die Erfolge unserer Pferde auf nationalen und internationalen Schauen haben dazu beigetragen, Z\u00fcchter und Liebhaber aus dem In- und Ausland f\u00fcr unsere Zucht zu interessieren. GEST\u00dcT<\/p>","protected":false},"author":1,"featured_media":0,"parent":0,"menu_order":1,"comment_status":"closed","ping_status":"closed","template":"","meta":{"footnotes":""},"class_list":["post-16","page","type-page","status-publish","hentry","description-off"],"_links":{"self":[{"href":"https:\/\/www.ponnath-arabians.com\/en\/wp-json\/wp\/v2\/pages\/16","targetHints":{"allow":["GET"]}}],"collection":[{"href":"https:\/\/www.ponnath-arabians.com\/en\/wp-json\/wp\/v2\/pages"}],"about":[{"href":"https:\/\/www.ponnath-arabians.com\/en\/wp-json\/wp\/v2\/types\/page"}],"author":[{"embeddable":true,"href":"https:\/\/www.ponnath-arabians.com\/en\/wp-json\/wp\/v2\/users\/1"}],"replies":[{"embeddable":true,"href":"https:\/\/www.ponnath-arabians.com\/en\/wp-json\/wp\/v2\/comments?post=16"}],"version-history":[{"count":59,"href":"https:\/\/www.ponnath-arabians.com\/en\/wp-json\/wp\/v2\/pages\/16\/revisions"}],"predecessor-version":[{"id":411,"href":"https:\/\/www.ponnath-arabians.com\/en\/wp-json\/wp\/v2\/pages\/16\/revisions\/411"}],"wp:attachment":[{"href":"https:\/\/www.ponnath-arabians.com\/en\/wp-json\/wp\/v2\/media?parent=16"}],"curies":[{"name":"wp","href":"https:\/\/api.w.org\/{rel}","templated":true}]}}