{"id":37,"date":"2022-03-10T11:09:42","date_gmt":"2022-03-10T10:09:42","guid":{"rendered":"https:\/\/www.ponnath-arabians.com\/?page_id=37"},"modified":"2023-02-09T11:19:30","modified_gmt":"2023-02-09T10:19:30","slug":"gestuet","status":"publish","type":"page","link":"https:\/\/www.ponnath-arabians.com\/en\/gestuet\/","title":{"rendered":"Stud"},"content":{"rendered":"<div class=\"wpb-content-wrapper\"><div class=\"vc_row wpb_row vc_row-fluid\"><div class=\"wpb_column vc_column_container vc_col-sm-12\"><div class=\"vc_column-inner\"><div class=\"wpb_wrapper\"><div class=\"vc_row wpb_row vc_inner vc_row-fluid\"><div class=\"wpb_column vc_column_container vc_col-sm-6\"><div class=\"vc_column-inner\"><div class=\"wpb_wrapper\">\n\t<div  class=\"wpb_single_image wpb_content_element vc_align_center\">\n\t\t\n\t\t<figure class=\"wpb_wrapper vc_figure\">\n\t\t\t<div class=\"vc_single_image-wrapper   vc_box_border_grey\"><img decoding=\"async\" class=\"vc_single_image-img\" src=\"https:\/\/www.ponnath-arabians.com\/wp-content\/uploads\/2023\/02\/Ponnath-Arabian-Sprueche-01-450x337.png\" width=\"450\" height=\"337\" alt=\"Ponnath Arabian Spr\u00fcche-01\" title=\"Ponnath Arabian Spr\u00fcche-01\" loading=\"lazy\"  data-dt-location=\"https:\/\/www.ponnath-arabians.com\/en\/gestuet\/ponnath-arabian-sprueche-01\/\" \/><\/div>\n\t\t<\/figure>\n\t<\/div>\n<\/div><\/div><\/div><div class=\"wpb_column vc_column_container vc_col-sm-6\"><div class=\"vc_column-inner\"><div class=\"wpb_wrapper\">\n\t<div class=\"wpb_text_column wpb_content_element\" >\n\t\t<div class=\"wpb_wrapper\">\n\t\t\t<h2 style=\"color: #ffffff;\">Grace, nobility, aesthetic appeal ...<\/h2>\n<p>the Arabian horse is the symbiosis of these attributes captivating and passionately inspiring the observer.<\/p>\n<p>With lots of interest in the roots of the Arabian horse and their origin we breed on our stud the straight Egyptian Arabian horse.<\/p>\n<p>Our breeding philosophy is influenced by purest Egyptian origin. The quality and success of our horses on national and international shows helped to interest breeders and horse lovers from here and abroad in our breeding programme.<\/p>\n<p>Free from financial interest we welcome every visitor to share our enthusiasm and to exchange breeding interests with us.<\/p>\n<p>Michael Ponnath<\/p>\n\n\t\t<\/div>\n\t<\/div>\n<\/div><\/div><\/div><\/div><\/div><\/div><\/div><\/div>\n<\/div>","protected":false},"excerpt":{"rendered":"<p>Anmut, Adel, \u00c4sthetik &#8230; Der Vollblutaraber ist die Symbiose dieser Attribute, die den Betrachter fesseln und leidenschaftlich begeistern. Mit gro\u00dfem Interesse an den originalen Araberpferden und deren urspr\u00fcnglicher Herkunft und Entstehung z\u00fcchten wir auf unserem Gest\u00fct den reinen \u00e4gyptischen Vollblutaraber. Reinste \u00e4gyptische Abstammungen beeinflussen unsere Zuchtphilosophie. Die Qualit\u00e4t und die Erfolge unserer Pferde auf nationalen&hellip;<\/p>","protected":false},"author":1,"featured_media":0,"parent":0,"menu_order":0,"comment_status":"closed","ping_status":"closed","template":"","meta":{"footnotes":""},"class_list":["post-37","page","type-page","status-publish","hentry","description-off"],"_links":{"self":[{"href":"https:\/\/www.ponnath-arabians.com\/en\/wp-json\/wp\/v2\/pages\/37","targetHints":{"allow":["GET"]}}],"collection":[{"href":"https:\/\/www.ponnath-arabians.com\/en\/wp-json\/wp\/v2\/pages"}],"about":[{"href":"https:\/\/www.ponnath-arabians.com\/en\/wp-json\/wp\/v2\/types\/page"}],"author":[{"embeddable":true,"href":"https:\/\/www.ponnath-arabians.com\/en\/wp-json\/wp\/v2\/users\/1"}],"replies":[{"embeddable":true,"href":"https:\/\/www.ponnath-arabians.com\/en\/wp-json\/wp\/v2\/comments?post=37"}],"version-history":[{"count":21,"href":"https:\/\/www.ponnath-arabians.com\/en\/wp-json\/wp\/v2\/pages\/37\/revisions"}],"predecessor-version":[{"id":2170,"href":"https:\/\/www.ponnath-arabians.com\/en\/wp-json\/wp\/v2\/pages\/37\/revisions\/2170"}],"wp:attachment":[{"href":"https:\/\/www.ponnath-arabians.com\/en\/wp-json\/wp\/v2\/media?parent=37"}],"curies":[{"name":"wp","href":"https:\/\/api.w.org\/{rel}","templated":true}]}}