{"id":45,"date":"2022-03-10T11:11:06","date_gmt":"2022-03-10T10:11:06","guid":{"rendered":"https:\/\/www.ponnath-arabians.com\/?page_id=45"},"modified":"2023-07-17T13:07:14","modified_gmt":"2023-07-17T11:07:14","slug":"verkaufspferde","status":"publish","type":"page","link":"https:\/\/www.ponnath-arabians.com\/en\/verkaufspferde\/","title":{"rendered":"Horses for Sale"},"content":{"rendered":"<div class=\"wpb-content-wrapper\"><div class=\"vc_row wpb_row vc_row-fluid vc_row-o-content-middle vc_row-flex\"><div class=\"wpb_column vc_column_container vc_col-sm-6\"><div class=\"vc_column-inner\"><div class=\"wpb_wrapper\">\n\t<div  class=\"wpb_single_image wpb_content_element vc_align_left\">\n\t\t\n\t\t<figure class=\"wpb_wrapper vc_figure\">\n\t\t\t<div class=\"vc_single_image-wrapper   vc_box_border_grey\"><img loading=\"lazy\" decoding=\"async\" width=\"1024\" height=\"605\" src=\"https:\/\/www.ponnath-arabians.com\/wp-content\/uploads\/2023\/02\/2021_Anbar-1024x605.jpg\" class=\"vc_single_image-img attachment-large\" alt=\"\" title=\"2021_Anbar\" srcset=\"https:\/\/www.ponnath-arabians.com\/wp-content\/uploads\/2023\/02\/2021_Anbar-1024x605.jpg 1024w, https:\/\/www.ponnath-arabians.com\/wp-content\/uploads\/2023\/02\/2021_Anbar-300x177.jpg 300w, https:\/\/www.ponnath-arabians.com\/wp-content\/uploads\/2023\/02\/2021_Anbar-768x454.jpg 768w, https:\/\/www.ponnath-arabians.com\/wp-content\/uploads\/2023\/02\/2021_Anbar-1536x908.jpg 1536w, https:\/\/www.ponnath-arabians.com\/wp-content\/uploads\/2023\/02\/2021_Anbar.jpg 1600w\" sizes=\"auto, (max-width: 1024px) 100vw, 1024px\"  data-dt-location=\"https:\/\/www.ponnath-arabians.com\/en\/2021_anbar-2-2\/\" \/><\/div>\n\t\t<\/figure>\n\t<\/div>\n<\/div><\/div><\/div><div class=\"wpb_column vc_column_container vc_col-sm-6\"><div class=\"vc_column-inner\"><div class=\"wpb_wrapper\">\n\t<div class=\"wpb_text_column wpb_content_element\" >\n\t\t<div class=\"wpb_wrapper\">\n\t\t\t<p><b>From our stock we offer first class pure Egyptian and proven broodmares on request.<\/b><\/p>\n<p>For more information, please contact our stud office,<br \/>\n(00 49) 1 71 \/ 3 00 33 00, <a href=\"mailto:info@ponnath-arabians.com\">info@ponnath-arabians.com <\/a><\/p>\n\n\t\t<\/div>\n\t<\/div>\n<\/div><\/div><\/div><\/div>\n<\/div>","protected":false},"excerpt":{"rendered":"<p>Aus unserem Bestand bieten wir erstklassige rein \u00e4gyptische und bew\u00e4hrte Zuchtstuten auf Anfrage an. F\u00fcr weitere Informationen kontaktieren Sie bitte unser Gest\u00fctsb\u00fcro, (00 49) 1 71 \/ 3 00 33 00, info@ponnath-arabians.com<\/p>","protected":false},"author":1,"featured_media":0,"parent":0,"menu_order":0,"comment_status":"closed","ping_status":"closed","template":"","meta":{"footnotes":""},"class_list":["post-45","page","type-page","status-publish","hentry","description-off"],"_links":{"self":[{"href":"https:\/\/www.ponnath-arabians.com\/en\/wp-json\/wp\/v2\/pages\/45","targetHints":{"allow":["GET"]}}],"collection":[{"href":"https:\/\/www.ponnath-arabians.com\/en\/wp-json\/wp\/v2\/pages"}],"about":[{"href":"https:\/\/www.ponnath-arabians.com\/en\/wp-json\/wp\/v2\/types\/page"}],"author":[{"embeddable":true,"href":"https:\/\/www.ponnath-arabians.com\/en\/wp-json\/wp\/v2\/users\/1"}],"replies":[{"embeddable":true,"href":"https:\/\/www.ponnath-arabians.com\/en\/wp-json\/wp\/v2\/comments?post=45"}],"version-history":[{"count":41,"href":"https:\/\/www.ponnath-arabians.com\/en\/wp-json\/wp\/v2\/pages\/45\/revisions"}],"predecessor-version":[{"id":2499,"href":"https:\/\/www.ponnath-arabians.com\/en\/wp-json\/wp\/v2\/pages\/45\/revisions\/2499"}],"wp:attachment":[{"href":"https:\/\/www.ponnath-arabians.com\/en\/wp-json\/wp\/v2\/media?parent=45"}],"curies":[{"name":"wp","href":"https:\/\/api.w.org\/{rel}","templated":true}]}}